{"id":7,"date":"2025-07-04T14:42:55","date_gmt":"2025-07-04T14:42:55","guid":{"rendered":"https:\/\/solucionesregulatorias.com.py\/?page_id=7"},"modified":"2025-07-04T18:36:59","modified_gmt":"2025-07-04T18:36:59","slug":"inicio","status":"publish","type":"page","link":"https:\/\/solucionesregulatorias.com.py\/?page_id=7","title":{"rendered":"Inicio"},"content":{"rendered":"\t\t<div data-elementor-type=\"wp-page\" data-elementor-id=\"7\" class=\"elementor elementor-7\">\n\t\t\t\t<div class=\"elementor-element elementor-element-0c8b665 e-flex e-con-boxed e-con e-parent\" data-id=\"0c8b665\" data-element_type=\"container\" data-settings=\"{&quot;background_background&quot;:&quot;classic&quot;}\">\n\t\t\t\t\t<div class=\"e-con-inner\">\n\t\t\t\t<div class=\"elementor-element elementor-element-16a325a elementor-widget elementor-widget-heading\" data-id=\"16a325a\" data-element_type=\"widget\" data-widget_type=\"heading.default\">\n\t\t\t\t\t<h2 class=\"elementor-heading-title elementor-size-default\"><span style=\"font-size: 31.5907px\">Soluciones Regulatorias para la Industria Farmac\u00e9utica\n<\/span><\/h2>\t\t\t\t<\/div>\n\t\t\t\t<div class=\"elementor-element elementor-element-1215dd4 elementor-widget elementor-widget-text-editor\" data-id=\"1215dd4\" data-element_type=\"widget\" data-widget_type=\"text-editor.default\">\n\t\t\t\t\t\t\t\t\t<p><span style=\"font-size: 21.5907px;\">Asesoramiento integral en normativas sanitarias, habilitaciones y registros.<\/span><\/p><div>\u00a0<\/div>\t\t\t\t\t\t\t\t<\/div>\n\t\t\t\t<div class=\"elementor-element elementor-element-02dfe11 elementor-widget elementor-widget-heading\" data-id=\"02dfe11\" data-element_type=\"widget\" data-widget_type=\"heading.default\">\n\t\t\t\t\t<h2 class=\"elementor-heading-title elementor-size-default\">\u00bfQui\u00e9nes somos?<\/h2>\t\t\t\t<\/div>\n\t\t\t\t\t<\/div>\n\t\t\t\t<\/div>\n\t\t<div class=\"elementor-element elementor-element-5212baa e-flex e-con-boxed e-con e-parent\" data-id=\"5212baa\" data-element_type=\"container\">\n\t\t\t\t\t<div class=\"e-con-inner\">\n\t\t<div class=\"elementor-element elementor-element-a9a83ea e-con-full e-flex e-con e-child\" data-id=\"a9a83ea\" data-element_type=\"container\">\n\t\t\t\t<div class=\"elementor-element elementor-element-540cce7 elementor-widget elementor-widget-text-editor\" data-id=\"540cce7\" data-element_type=\"widget\" data-widget_type=\"text-editor.default\">\n\t\t\t\t\t\t\t\t\t<p><span style=\"font-size: 21.5907px;\">La Q.F. Nilda Mart\u00ednez lidera este servicio con m\u00e1s de 10 a\u00f1os de experiencia en regencia t\u00e9cnica, asuntos regulatorios y farmacovigilancia. Egresada de la UNA, matriculada y habilitada por DIGESA, actualmente es Directora T\u00e9cnica en COMFAR SAECA y asesora a m\u00faltiples instituciones farmac\u00e9uticas.<\/span><\/p><div>\u00a0<\/div>\t\t\t\t\t\t\t\t<\/div>\n\t\t\t\t<\/div>\n\t\t<div class=\"elementor-element elementor-element-19d997c e-con-full e-flex e-con e-child\" data-id=\"19d997c\" data-element_type=\"container\">\n\t\t\t\t<div class=\"elementor-element elementor-element-97cc5bb elementor-widget elementor-widget-image\" data-id=\"97cc5bb\" data-element_type=\"widget\" data-widget_type=\"image.default\">\n\t\t\t\t\t\t\t\t\t\t\t\t\t\t\t<img fetchpriority=\"high\" decoding=\"async\" width=\"660\" height=\"1024\" src=\"https:\/\/solucionesregulatorias.com.py\/wp-content\/uploads\/2025\/07\/foto-660x1024.jpg\" class=\"attachment-large size-large wp-image-14\" alt=\"\" srcset=\"https:\/\/solucionesregulatorias.com.py\/wp-content\/uploads\/2025\/07\/foto-660x1024.jpg 660w, https:\/\/solucionesregulatorias.com.py\/wp-content\/uploads\/2025\/07\/foto-193x300.jpg 193w, https:\/\/solucionesregulatorias.com.py\/wp-content\/uploads\/2025\/07\/foto.jpg 767w\" sizes=\"(max-width: 660px) 100vw, 660px\" \/>\t\t\t\t\t\t\t\t\t\t\t\t\t\t\t<\/div>\n\t\t\t\t<\/div>\n\t\t\t\t\t<\/div>\n\t\t\t\t<\/div>\n\t\t\t\t<\/div>\n\t\t","protected":false},"excerpt":{"rendered":"<p>Soluciones Regulatorias para la Industria Farmac\u00e9utica Asesoramiento integral en normativas sanitarias, habilitaciones y registros. \u00a0 \u00bfQui\u00e9nes somos? La Q.F. Nilda Mart\u00ednez lidera este servicio con m\u00e1s de 10 a\u00f1os de experiencia en regencia t\u00e9cnica, asuntos regulatorios y farmacovigilancia. Egresada de la UNA, matriculada y habilitada por DIGESA, actualmente es Directora T\u00e9cnica en COMFAR SAECA y [&hellip;]<\/p>\n","protected":false},"author":1,"featured_media":0,"parent":0,"menu_order":0,"comment_status":"closed","ping_status":"closed","template":"","meta":{"footnotes":""},"class_list":["post-7","page","type-page","status-publish","hentry"],"yoast_head":"<!-- This site is optimized with the Yoast SEO plugin v25.4 - https:\/\/yoast.com\/wordpress\/plugins\/seo\/ -->\n<title>Inicio - Soluciones Regulatorias<\/title>\n<meta name=\"robots\" content=\"index, follow, max-snippet:-1, max-image-preview:large, max-video-preview:-1\" \/>\n<link rel=\"canonical\" href=\"https:\/\/solucionesregulatorias.com.py\/?page_id=7\" \/>\n<meta property=\"og:locale\" content=\"es_ES\" \/>\n<meta property=\"og:type\" content=\"article\" \/>\n<meta property=\"og:title\" content=\"Inicio - Soluciones Regulatorias\" \/>\n<meta property=\"og:description\" content=\"Soluciones Regulatorias para la Industria Farmac\u00e9utica Asesoramiento integral en normativas sanitarias, habilitaciones y registros. \u00a0 \u00bfQui\u00e9nes somos? La Q.F. Nilda Mart\u00ednez lidera este servicio con m\u00e1s de 10 a\u00f1os de experiencia en regencia t\u00e9cnica, asuntos regulatorios y farmacovigilancia. Egresada de la UNA, matriculada y habilitada por DIGESA, actualmente es Directora T\u00e9cnica en COMFAR SAECA y [&hellip;]\" \/>\n<meta property=\"og:url\" content=\"https:\/\/solucionesregulatorias.com.py\/?page_id=7\" \/>\n<meta property=\"og:site_name\" content=\"Soluciones Regulatorias\" \/>\n<meta property=\"article:modified_time\" content=\"2025-07-04T18:36:59+00:00\" \/>\n<meta property=\"og:image\" content=\"https:\/\/solucionesregulatorias.com.py\/wp-content\/uploads\/2025\/07\/foto.jpg\" \/>\n\t<meta property=\"og:image:width\" content=\"767\" \/>\n\t<meta property=\"og:image:height\" content=\"1190\" \/>\n\t<meta property=\"og:image:type\" content=\"image\/jpeg\" \/>\n<meta name=\"twitter:card\" content=\"summary_large_image\" \/>\n<meta name=\"twitter:label1\" content=\"Tiempo de lectura\" \/>\n\t<meta name=\"twitter:data1\" content=\"1 minuto\" \/>\n<script type=\"application\/ld+json\" class=\"yoast-schema-graph\">{\"@context\":\"https:\/\/schema.org\",\"@graph\":[{\"@type\":\"WebPage\",\"@id\":\"https:\/\/solucionesregulatorias.com.py\/?page_id=7\",\"url\":\"https:\/\/solucionesregulatorias.com.py\/?page_id=7\",\"name\":\"Inicio - Soluciones Regulatorias\",\"isPartOf\":{\"@id\":\"https:\/\/solucionesregulatorias.com.py\/#website\"},\"primaryImageOfPage\":{\"@id\":\"https:\/\/solucionesregulatorias.com.py\/?page_id=7#primaryimage\"},\"image\":{\"@id\":\"https:\/\/solucionesregulatorias.com.py\/?page_id=7#primaryimage\"},\"thumbnailUrl\":\"https:\/\/solucionesregulatorias.com.py\/wp-content\/uploads\/2025\/07\/foto-660x1024.jpg\",\"datePublished\":\"2025-07-04T14:42:55+00:00\",\"dateModified\":\"2025-07-04T18:36:59+00:00\",\"breadcrumb\":{\"@id\":\"https:\/\/solucionesregulatorias.com.py\/?page_id=7#breadcrumb\"},\"inLanguage\":\"es\",\"potentialAction\":[{\"@type\":\"ReadAction\",\"target\":[\"https:\/\/solucionesregulatorias.com.py\/?page_id=7\"]}]},{\"@type\":\"ImageObject\",\"inLanguage\":\"es\",\"@id\":\"https:\/\/solucionesregulatorias.com.py\/?page_id=7#primaryimage\",\"url\":\"https:\/\/solucionesregulatorias.com.py\/wp-content\/uploads\/2025\/07\/foto.jpg\",\"contentUrl\":\"https:\/\/solucionesregulatorias.com.py\/wp-content\/uploads\/2025\/07\/foto.jpg\",\"width\":767,\"height\":1190},{\"@type\":\"BreadcrumbList\",\"@id\":\"https:\/\/solucionesregulatorias.com.py\/?page_id=7#breadcrumb\",\"itemListElement\":[{\"@type\":\"ListItem\",\"position\":1,\"name\":\"Portada\",\"item\":\"https:\/\/solucionesregulatorias.com.py\/\"},{\"@type\":\"ListItem\",\"position\":2,\"name\":\"Inicio\"}]},{\"@type\":\"WebSite\",\"@id\":\"https:\/\/solucionesregulatorias.com.py\/#website\",\"url\":\"https:\/\/solucionesregulatorias.com.py\/\",\"name\":\"Soluciones Regulatorias\",\"description\":\"\",\"potentialAction\":[{\"@type\":\"SearchAction\",\"target\":{\"@type\":\"EntryPoint\",\"urlTemplate\":\"https:\/\/solucionesregulatorias.com.py\/?s={search_term_string}\"},\"query-input\":{\"@type\":\"PropertyValueSpecification\",\"valueRequired\":true,\"valueName\":\"search_term_string\"}}],\"inLanguage\":\"es\"}]}<\/script>\n<!-- \/ Yoast SEO plugin. -->","yoast_head_json":{"title":"Inicio - Soluciones Regulatorias","robots":{"index":"index","follow":"follow","max-snippet":"max-snippet:-1","max-image-preview":"max-image-preview:large","max-video-preview":"max-video-preview:-1"},"canonical":"https:\/\/solucionesregulatorias.com.py\/?page_id=7","og_locale":"es_ES","og_type":"article","og_title":"Inicio - Soluciones Regulatorias","og_description":"Soluciones Regulatorias para la Industria Farmac\u00e9utica Asesoramiento integral en normativas sanitarias, habilitaciones y registros. \u00a0 \u00bfQui\u00e9nes somos? La Q.F. Nilda Mart\u00ednez lidera este servicio con m\u00e1s de 10 a\u00f1os de experiencia en regencia t\u00e9cnica, asuntos regulatorios y farmacovigilancia. Egresada de la UNA, matriculada y habilitada por DIGESA, actualmente es Directora T\u00e9cnica en COMFAR SAECA y [&hellip;]","og_url":"https:\/\/solucionesregulatorias.com.py\/?page_id=7","og_site_name":"Soluciones Regulatorias","article_modified_time":"2025-07-04T18:36:59+00:00","og_image":[{"width":767,"height":1190,"url":"https:\/\/solucionesregulatorias.com.py\/wp-content\/uploads\/2025\/07\/foto.jpg","type":"image\/jpeg"}],"twitter_card":"summary_large_image","twitter_misc":{"Tiempo de lectura":"1 minuto"},"schema":{"@context":"https:\/\/schema.org","@graph":[{"@type":"WebPage","@id":"https:\/\/solucionesregulatorias.com.py\/?page_id=7","url":"https:\/\/solucionesregulatorias.com.py\/?page_id=7","name":"Inicio - Soluciones Regulatorias","isPartOf":{"@id":"https:\/\/solucionesregulatorias.com.py\/#website"},"primaryImageOfPage":{"@id":"https:\/\/solucionesregulatorias.com.py\/?page_id=7#primaryimage"},"image":{"@id":"https:\/\/solucionesregulatorias.com.py\/?page_id=7#primaryimage"},"thumbnailUrl":"https:\/\/solucionesregulatorias.com.py\/wp-content\/uploads\/2025\/07\/foto-660x1024.jpg","datePublished":"2025-07-04T14:42:55+00:00","dateModified":"2025-07-04T18:36:59+00:00","breadcrumb":{"@id":"https:\/\/solucionesregulatorias.com.py\/?page_id=7#breadcrumb"},"inLanguage":"es","potentialAction":[{"@type":"ReadAction","target":["https:\/\/solucionesregulatorias.com.py\/?page_id=7"]}]},{"@type":"ImageObject","inLanguage":"es","@id":"https:\/\/solucionesregulatorias.com.py\/?page_id=7#primaryimage","url":"https:\/\/solucionesregulatorias.com.py\/wp-content\/uploads\/2025\/07\/foto.jpg","contentUrl":"https:\/\/solucionesregulatorias.com.py\/wp-content\/uploads\/2025\/07\/foto.jpg","width":767,"height":1190},{"@type":"BreadcrumbList","@id":"https:\/\/solucionesregulatorias.com.py\/?page_id=7#breadcrumb","itemListElement":[{"@type":"ListItem","position":1,"name":"Portada","item":"https:\/\/solucionesregulatorias.com.py\/"},{"@type":"ListItem","position":2,"name":"Inicio"}]},{"@type":"WebSite","@id":"https:\/\/solucionesregulatorias.com.py\/#website","url":"https:\/\/solucionesregulatorias.com.py\/","name":"Soluciones Regulatorias","description":"","potentialAction":[{"@type":"SearchAction","target":{"@type":"EntryPoint","urlTemplate":"https:\/\/solucionesregulatorias.com.py\/?s={search_term_string}"},"query-input":{"@type":"PropertyValueSpecification","valueRequired":true,"valueName":"search_term_string"}}],"inLanguage":"es"}]}},"_links":{"self":[{"href":"https:\/\/solucionesregulatorias.com.py\/index.php?rest_route=\/wp\/v2\/pages\/7","targetHints":{"allow":["GET"]}}],"collection":[{"href":"https:\/\/solucionesregulatorias.com.py\/index.php?rest_route=\/wp\/v2\/pages"}],"about":[{"href":"https:\/\/solucionesregulatorias.com.py\/index.php?rest_route=\/wp\/v2\/types\/page"}],"author":[{"embeddable":true,"href":"https:\/\/solucionesregulatorias.com.py\/index.php?rest_route=\/wp\/v2\/users\/1"}],"replies":[{"embeddable":true,"href":"https:\/\/solucionesregulatorias.com.py\/index.php?rest_route=%2Fwp%2Fv2%2Fcomments&post=7"}],"version-history":[{"count":11,"href":"https:\/\/solucionesregulatorias.com.py\/index.php?rest_route=\/wp\/v2\/pages\/7\/revisions"}],"predecessor-version":[{"id":23,"href":"https:\/\/solucionesregulatorias.com.py\/index.php?rest_route=\/wp\/v2\/pages\/7\/revisions\/23"}],"wp:attachment":[{"href":"https:\/\/solucionesregulatorias.com.py\/index.php?rest_route=%2Fwp%2Fv2%2Fmedia&parent=7"}],"curies":[{"name":"wp","href":"https:\/\/api.w.org\/{rel}","templated":true}]}}